{"id":3453,"date":"2025-08-15T07:31:09","date_gmt":"2025-08-15T04:31:09","guid":{"rendered":"https:\/\/exhist.com\/contact\/"},"modified":"2025-11-27T22:59:29","modified_gmt":"2025-11-27T19:59:29","slug":"iletisim","status":"publish","type":"page","link":"https:\/\/exhist.com\/tr\/iletisim\/","title":{"rendered":"\u0130leti\u015fim"},"content":{"rendered":"\t\t<div data-elementor-type=\"wp-page\" data-elementor-id=\"3453\" class=\"elementor elementor-3453 elementor-1263\">\n\t\t\t\t<div class=\"elementor-element elementor-element-f8e0308 e-flex e-con-boxed e-con e-parent\" data-id=\"f8e0308\" data-element_type=\"container\" data-settings=\"{&quot;background_background&quot;:&quot;classic&quot;}\">\n\t\t\t\t\t<div class=\"e-con-inner\">\n\t\t<div class=\"elementor-element elementor-element-3970ffe e-con-full e-flex e-con e-child\" data-id=\"3970ffe\" data-element_type=\"container\">\n\t\t<div class=\"elementor-element elementor-element-18863e9 e-con-full e-flex e-con e-child\" data-id=\"18863e9\" data-element_type=\"container\">\n\t\t\t\t<div class=\"elementor-element elementor-element-2562e1d elementor-widget elementor-widget-heading\" data-id=\"2562e1d\" data-element_type=\"widget\" data-widget_type=\"heading.default\">\n\t\t\t\t\t<h1 class=\"elementor-heading-title elementor-size-default\">\u00c7\u00d6Z\u00dcMLER\u0130M\u0130Z \u0130\u00c7\u0130N B\u0130Z\u0130MLE \u0130LET\u0130\u015e\u0130ME GE\u00c7\u0130N!<br \/>\nNASIL YARDIMCI OLAB\u0130L\u0130R\u0130Z?<\/h1>\t\t\t\t<\/div>\n\t\t\t\t<div class=\"elementor-element elementor-element-18a43f5 elementor-widget elementor-widget-html\" data-id=\"18a43f5\" data-element_type=\"widget\" data-widget_type=\"html.default\">\n\t\t\t\t\t<iframe src=\"https:\/\/www.google.com\/maps\/embed?pb=!1m18!1m12!1m3!1d187.9323144501306!2d29.003931352789763!3d41.092659404582506!2m3!1f0!2f0!3f0!3m2!1i1024!2i768!4f13.1!3m3!1m2!1s0x14cab77b7d9191eb%3A0x290ec28fe4b83a01!2sExhist%20-%20Fuar%20Stand%20ve%20Organizasyonlar%C4%B1!5e0!3m2!1str!2str!4v1760644218221!5m2!1str!2str\" width=\"100%\" height=\"450\" style=\"border-radius:16px;\" allowfullscreen=\"\" loading=\"lazy\" referrerpolicy=\"no-referrer-when-downgrade\"><\/iframe>\t\t\t\t<\/div>\n\t\t\t\t<\/div>\n\t\t<div class=\"elementor-element elementor-element-e4e645b e-con-full ct-web-studio-form e-flex e-con e-child\" data-id=\"e4e645b\" data-element_type=\"container\" data-settings=\"{&quot;background_background&quot;:&quot;classic&quot;}\">\n\t\t\t\t<div class=\"elementor-element elementor-element-07617e2 fluentform-widget-submit-button-custom elementor-widget elementor-widget-fluent-form-widget\" data-id=\"07617e2\" data-element_type=\"widget\" data-widget_type=\"fluent-form-widget.default\">\n\t\t\t\t<div class=\"elementor-widget-container\">\n\t\t\t\t\t\n            <div class=\"fluentform-widget-wrapper fluentform-widget-align-default\">\n\n            \n            <div class='fluentform ff-default fluentform_wrapper_2 ffs_default_wrap'><form data-form_id=\"2\" id=\"fluentform_2\" class=\"frm-fluent-form fluent_form_2 ff-el-form-top ff_form_instance_2_1 ff-form-loading ffs_default\" data-form_instance=\"ff_form_instance_2_1\" method=\"POST\" ><fieldset  style=\"border: none!important;margin: 0!important;padding: 0!important;background-color: transparent!important;box-shadow: none!important;outline: none!important; min-inline-size: 100%;\">\n                    <legend class=\"ff_screen_reader_title\" style=\"display: block; margin: 0!important;padding: 0!important;height: 0!important;text-indent: -999999px;width: 0!important;overflow:hidden;\">\u0130leti\u015fim Formu \/ TR<\/legend><input type='hidden' name='__fluent_form_embded_post_id' value='3453' \/><input type=\"hidden\" id=\"_fluentform_2_fluentformnonce\" name=\"_fluentform_2_fluentformnonce\" value=\"0f3a556e1e\" \/><input type=\"hidden\" name=\"_wp_http_referer\" value=\"\/tr\/wp-json\/wp\/v2\/pages\/3453\" \/><div data-name=\"ff_cn_id_1\"  class='ff-t-container ff-column-container ff_columns_total_2 '><div class='ff-t-cell ff-t-column-1' style='flex-basis: 50%;'><div data-type=\"name-element\" data-name=\"names\" class=\" ff-field_container ff-name-field-wrapper\" ><div class='ff-t-container'><div class='ff-t-cell '><div class='ff-el-group'><div class=\"ff-el-input--label ff-el-is-required asterisk-right\"><label for='ff_2_names_first_name_' id='label_ff_2_names_first_name_' >Ad\u0131n\u0131z<\/label><\/div><div class='ff-el-input--content'><input type=\"text\" name=\"names[first_name]\" id=\"ff_2_names_first_name_\" class=\"ff-el-form-control\" aria-invalid=\"false\" aria-required=true><\/div><\/div><\/div><\/div><\/div><\/div><div class='ff-t-cell ff-t-column-2' style='flex-basis: 50%;'><div class='ff-el-group'><div class=\"ff-el-input--label ff-el-is-required asterisk-right\"><label for='ff_2_email' id='label_ff_2_email' aria-label=\"E-Posta Adresi\">E-Posta Adresi<\/label><\/div><div class='ff-el-input--content'><input type=\"email\" name=\"email\" id=\"ff_2_email\" class=\"ff-el-form-control\" data-name=\"email\"  aria-invalid=\"false\" aria-required=true><\/div><\/div><\/div><\/div><div data-name=\"ff_cn_id_2\"  class='ff-t-container ff-column-container ff_columns_total_2 '><div class='ff-t-cell ff-t-column-1' style='flex-basis: 50%;'><div class='ff-el-group'><div class=\"ff-el-input--label ff-el-is-required asterisk-right\"><label for='ff_2_numeric_field' id='label_ff_2_numeric_field' aria-label=\"Telefon\">Telefon<\/label><\/div><div class='ff-el-input--content'><input type=\"number\" name=\"numeric_field\" id=\"ff_2_numeric_field\" class=\"ff-el-form-control\" data-name=\"numeric_field\" inputmode=\"numeric\" step=\"any\"  aria-invalid=\"false\" aria-required=true><\/div><\/div><\/div><div class='ff-t-cell ff-t-column-2' style='flex-basis: 50%;'><div class='ff-el-group'><div class=\"ff-el-input--label asterisk-right\"><label for='ff_2_input_text' id='label_ff_2_input_text' aria-label=\"Firma Ad\u0131\">Firma Ad\u0131<\/label><\/div><div class='ff-el-input--content'><input type=\"text\" name=\"input_text\" class=\"ff-el-form-control\" data-name=\"input_text\" id=\"ff_2_input_text\"  aria-invalid=\"false\" aria-required=false><\/div><\/div><\/div><\/div><div class='ff-el-group'><div class=\"ff-el-input--label asterisk-right\"><label for='ff_2_message' id='label_ff_2_message' aria-label=\"Proje Detaylar\u0131 (opsiyonel)\">Proje Detaylar\u0131 (opsiyonel)<\/label><\/div><div class='ff-el-input--content'><textarea aria-required=\"false\" aria-labelledby=\"label_ff_2_message\" name=\"message\" id=\"ff_2_message\" class=\"ff-el-form-control\" rows=\"4\" cols=\"2\" data-name=\"message\" ><\/textarea><\/div><\/div><div data-name=\"ff_cn_id_3\"  class='ff-t-container ff-column-container ff_columns_total_2 '><div class='ff-t-cell ff-t-column-1' style='flex-basis: 50%;'><\/div><div class='ff-t-cell ff-t-column-2' style='flex-basis: 50%;'><\/div><\/div><div class='ff-el-group ff-text-left ff_submit_btn_wrapper'><button type=\"submit\" class=\"ff-btn ff-btn-submit ff-btn-md ff_btn_style\"  aria-label=\"G\u00f6nder\">G\u00f6nder<\/button><\/div><\/fieldset><\/form><div id='fluentform_2_errors' class='ff-errors-in-stack ff_form_instance_2_1 ff-form-loading_errors ff_form_instance_2_1_errors'><\/div><\/div>            <script type=\"text\/javascript\">\n                window.fluent_form_ff_form_instance_2_1 = {\"id\":\"2\",\"settings\":{\"layout\":{\"labelPlacement\":\"top\",\"helpMessagePlacement\":\"with_label\",\"errorMessagePlacement\":\"inline\",\"cssClassName\":\"\",\"asteriskPlacement\":\"asterisk-right\"},\"restrictions\":{\"denyEmptySubmission\":{\"enabled\":false}}},\"form_instance\":\"ff_form_instance_2_1\",\"form_id_selector\":\"fluentform_2\",\"rules\":{\"names[first_name]\":{\"required\":{\"value\":true,\"message\":\"This field is required\",\"global\":false,\"global_message\":\"This field is required\"}},\"names[middle_name]\":{\"required\":{\"value\":false,\"message\":\"This field is required\",\"global\":false,\"global_message\":\"This field is required\"}},\"names[last_name]\":{\"required\":{\"value\":false,\"message\":\"This field is required\",\"global\":false,\"global_message\":\"This field is required\"}},\"email\":{\"required\":{\"value\":true,\"message\":\"Bu alan zorunludur\",\"global\":false,\"global_message\":\"This field is required\"},\"email\":{\"value\":true,\"message\":\"Bu alan ge\\u00e7erli bir e-posta adresi i\\u00e7ermelidir.\",\"global\":false,\"global_message\":\"This field must contain a valid email\"}},\"numeric_field\":{\"required\":{\"value\":true,\"message\":\"This field is required\",\"global_message\":\"This field is required\",\"global\":true},\"numeric\":{\"value\":true,\"message\":\"This field must contain numeric value\",\"global_message\":\"This field must contain numeric value\",\"global\":true},\"min\":{\"value\":\"\",\"message\":\"Validation fails for minimum value\",\"global_message\":\"Validation fails for minimum value\",\"global\":true},\"max\":{\"value\":\"\",\"message\":\"Validation fails for maximum value\",\"global_message\":\"Validation fails for maximum value\",\"global\":true},\"digits\":{\"value\":\"\",\"message\":\"Validation fails for limited digits\",\"global_message\":\"Validation fails for limited digits\",\"global\":true}},\"input_text\":{\"required\":{\"value\":false,\"message\":\"This field is required\",\"global_message\":\"This field is required\",\"global\":true}},\"message\":{\"required\":{\"value\":false,\"message\":\"Bu alan zorunlu\",\"global\":false,\"global_message\":\"This field is required\"}}},\"debounce_time\":300};\n                            <\/script>\n                        <\/div>\n\n            \t\t\t\t<\/div>\n\t\t\t\t<\/div>\n\t\t\t\t<\/div>\n\t\t\t\t<\/div>\n\t\t\t\t\t<\/div>\n\t\t\t\t<\/div>\n\t\t<div class=\"elementor-element elementor-element-a0dd473 e-flex e-con-boxed e-con e-parent\" data-id=\"a0dd473\" data-element_type=\"container\">\n\t\t\t\t\t<div class=\"e-con-inner\">\n\t\t\t\t<div class=\"elementor-element elementor-element-ebc49b0 elementor-widget__width-initial elementor-widget elementor-widget-heading\" data-id=\"ebc49b0\" data-element_type=\"widget\" data-widget_type=\"heading.default\">\n\t\t\t\t\t<h2 class=\"elementor-heading-title elementor-size-default\">Bizimle ileti\u015fime ge\u00e7ti\u011finiz i\u00e7in te\u015fekk\u00fcr ederiz! Sorular\u0131n\u0131z\u0131 sormak, geri bildirimde bulunmak veya i\u015fbirli\u011fi f\u0131rsatlar\u0131 hakk\u0131nda konu\u015fmak i\u00e7in biz buraday\u0131z. De\u011ferli ziyaret\u00e7ilerimizin ihtiya\u00e7lar\u0131na h\u0131zl\u0131 ve etkili bir \u015fekilde yan\u0131t vermek i\u00e7in buraday\u0131z.<\/h2>\t\t\t\t<\/div>\n\t\t\t\t\t<\/div>\n\t\t\t\t<\/div>\n\t\t<div class=\"elementor-element elementor-element-513f1bf e-grid e-con-boxed e-con e-parent\" data-id=\"513f1bf\" data-element_type=\"container\">\n\t\t\t\t\t<div class=\"e-con-inner\">\n\t\t<div class=\"elementor-element elementor-element-d34bc5f e-con-full e-flex e-con e-child\" data-id=\"d34bc5f\" data-element_type=\"container\" data-settings=\"{&quot;background_background&quot;:&quot;classic&quot;}\">\n\t\t<div class=\"elementor-element elementor-element-b129bd2 e-con-full e-flex e-con e-child\" data-id=\"b129bd2\" data-element_type=\"container\">\n\t\t\t\t<div class=\"elementor-element elementor-element-b2413a5 elementor-view-default elementor-widget elementor-widget-icon\" data-id=\"b2413a5\" data-element_type=\"widget\" data-widget_type=\"icon.default\">\n\t\t\t\t\t\t\t<div class=\"elementor-icon-wrapper\">\n\t\t\t<div class=\"elementor-icon\">\n\t\t\t<svg xmlns=\"http:\/\/www.w3.org\/2000\/svg\" viewBox=\"0 0 24 24\"><path d=\"M14.465 1.481a1.01 1.01 0 0 1 1.122-.898c1.93.215 3.738 1.115 5.227 2.602 1.485 1.483 2.386 3.29 2.602 5.227a1.016 1.016 0 1 1-2.02.227c-.166-1.473-.863-2.862-2.019-4.015-1.16-1.158-2.548-1.856-4.015-2.02a1.016 1.016 0 0 1-.897-1.123Zm.237 5.154c.73.142 1.364.454 1.787.876.423.423.734 1.058.876 1.787a1.018 1.018 0 0 0 1.996-.39c-.155-.793-.53-1.93-1.435-2.834-.904-.906-2.04-1.28-2.834-1.434a1.017 1.017 0 1 0-.39 1.996Zm9.235 12.676c-.389 2.099-2.473 3.59-2.929 3.892-.587.42-1.45.797-2.647.797-2.357 0-6.016-1.456-11.46-6.9v-.001C-1.313 8.886-.45 4.736.795 2.993 1.1 2.537 2.587.454 4.688.064c1.12-.208 2.228.102 3.2.899 3.976 3.275 3.607 5.128 2.772 7.044-.5 1.146-.83 1.904 1.342 3.952 2.192 2.069 3.038 1.713 4.107 1.263 1.915-.806 3.64-1.105 6.927 2.89.8.974 1.11 2.08.902 3.2Zm-2.472-1.91c-2.587-3.139-3.417-2.79-4.568-2.306-1.654.695-3.377 1.09-6.291-1.659-2.967-2.797-2.55-4.549-1.81-6.242.51-1.172.913-2.097-2.2-4.66-.495-.407-.987-.564-1.502-.478-1.228.204-2.36 1.667-2.597 2.048-.436.617-1.981 3.734 5.841 11.558 7.824 7.824 10.944 6.277 11.488 5.888a.817.817 0 0 1 .088-.057c.364-.227 1.826-1.36 2.03-2.587.085-.515-.071-1.006-.48-1.505Z\"><\/path><\/svg>\t\t\t<\/div>\n\t\t<\/div>\n\t\t\t\t\t\t<\/div>\n\t\t\t\t<\/div>\n\t\t\t\t<div class=\"elementor-element elementor-element-94f2dae elementor-widget elementor-widget-heading\" data-id=\"94f2dae\" data-element_type=\"widget\" data-widget_type=\"heading.default\">\n\t\t\t\t\t<h3 class=\"elementor-heading-title elementor-size-default\">Telefon<\/h3>\t\t\t\t<\/div>\n\t\t\t\t<div class=\"elementor-element elementor-element-0708762 elementor-widget elementor-widget-text-editor\" data-id=\"0708762\" data-element_type=\"widget\" data-widget_type=\"text-editor.default\">\n\t\t\t\t\t\t\t\t\t<a href=\"tel:905423817100\">+90(542) 381 71 00<\/a>\t\t\t\t\t\t\t\t<\/div>\n\t\t\t\t<\/div>\n\t\t<div class=\"elementor-element elementor-element-7be9150 e-con-full e-flex e-con e-child\" data-id=\"7be9150\" data-element_type=\"container\" data-settings=\"{&quot;background_background&quot;:&quot;classic&quot;}\">\n\t\t<div class=\"elementor-element elementor-element-154b04d e-con-full e-flex e-con e-child\" data-id=\"154b04d\" data-element_type=\"container\">\n\t\t\t\t<div class=\"elementor-element elementor-element-1740eac elementor-view-default elementor-widget elementor-widget-icon\" data-id=\"1740eac\" data-element_type=\"widget\" data-widget_type=\"icon.default\">\n\t\t\t\t\t\t\t<div class=\"elementor-icon-wrapper\">\n\t\t\t<div class=\"elementor-icon\">\n\t\t\t<svg xmlns=\"http:\/\/www.w3.org\/2000\/svg\" viewBox=\"0 0 24 24\"><path d=\"M12 .175c-6.617 0-12 5.383-12 12s5.383 12 12 12c2.468 0 4.84-.744 6.858-2.152a1.054 1.054 0 0 0-1.205-1.729A9.834 9.834 0 0 1 12 22.067c-5.454 0-9.892-4.437-9.892-9.892 0-5.455 4.438-9.892 9.892-9.892 5.455 0 9.892 4.437 9.892 9.892v1.564c0 .396-.111.78-.324 1.112a2.065 2.065 0 0 1-1.75.961 2.076 2.076 0 0 1-2.073-2.073v-1.564c0-3.168-2.577-5.745-5.745-5.745s-5.745 2.577-5.745 5.745S8.832 17.92 12 17.92a5.73 5.73 0 0 0 4.294-1.933 4.183 4.183 0 0 0 7.052-.003c.428-.67.654-1.447.654-2.245v-1.564c0-6.617-5.383-12-12-12Zm0 15.637c-2.006 0-3.637-1.632-3.637-3.637S9.994 8.538 12 8.538c2.005 0 3.637 1.631 3.637 3.637S14.005 15.812 12 15.812Z\"><\/path><\/svg>\t\t\t<\/div>\n\t\t<\/div>\n\t\t\t\t\t\t<\/div>\n\t\t\t\t<\/div>\n\t\t\t\t<div class=\"elementor-element elementor-element-a58ca01 elementor-widget elementor-widget-heading\" data-id=\"a58ca01\" data-element_type=\"widget\" data-widget_type=\"heading.default\">\n\t\t\t\t\t<h3 class=\"elementor-heading-title elementor-size-default\">E-Posta<\/h3>\t\t\t\t<\/div>\n\t\t\t\t<div class=\"elementor-element elementor-element-5f9eed2 elementor-widget elementor-widget-text-editor\" data-id=\"5f9eed2\" data-element_type=\"widget\" data-widget_type=\"text-editor.default\">\n\t\t\t\t\t\t\t\t\t<p><a href=\"mailto:info@exhist.com\">info@exhist.com<\/a><\/p>\t\t\t\t\t\t\t\t<\/div>\n\t\t\t\t<\/div>\n\t\t<div class=\"elementor-element elementor-element-3554921 e-con-full e-flex e-con e-child\" data-id=\"3554921\" data-element_type=\"container\" data-settings=\"{&quot;background_background&quot;:&quot;classic&quot;}\">\n\t\t<div class=\"elementor-element elementor-element-31a55d0 e-con-full e-flex e-con e-child\" data-id=\"31a55d0\" data-element_type=\"container\">\n\t\t\t\t<div class=\"elementor-element elementor-element-14f5e89 elementor-view-default elementor-widget elementor-widget-icon\" data-id=\"14f5e89\" data-element_type=\"widget\" data-widget_type=\"icon.default\">\n\t\t\t\t\t\t\t<div class=\"elementor-icon-wrapper\">\n\t\t\t<div class=\"elementor-icon\">\n\t\t\t<svg aria-hidden=\"true\" class=\"e-font-icon-svg e-fas-location-arrow\" viewBox=\"0 0 512 512\" xmlns=\"http:\/\/www.w3.org\/2000\/svg\"><path d=\"M444.52 3.52L28.74 195.42c-47.97 22.39-31.98 92.75 19.19 92.75h175.91v175.91c0 51.17 70.36 67.17 92.75 19.19l191.9-415.78c15.99-38.39-25.59-79.97-63.97-63.97z\"><\/path><\/svg>\t\t\t<\/div>\n\t\t<\/div>\n\t\t\t\t\t\t<\/div>\n\t\t\t\t<\/div>\n\t\t\t\t<div class=\"elementor-element elementor-element-65b9974 elementor-widget elementor-widget-heading\" data-id=\"65b9974\" data-element_type=\"widget\" data-widget_type=\"heading.default\">\n\t\t\t\t\t<h3 class=\"elementor-heading-title elementor-size-default\">Adres<\/h3>\t\t\t\t<\/div>\n\t\t\t\t<div class=\"elementor-element elementor-element-3c22fdb elementor-widget elementor-widget-text-editor\" data-id=\"3c22fdb\" data-element_type=\"widget\" data-widget_type=\"text-editor.default\">\n\t\t\t\t\t\t\t\t\t<p>Merkez<a href=\"https:\/\/maps.app.goo.gl\/6yFKqQBgnoEHC3cMA\" target=\"blank\" rel=\"noopener\"><br \/>Emniyetevleri Mh. Eski B\u00fcy\u00fckdere Cd. Sapphire Avm B4 Kat\u0131 Ka\u011f\u0131thane\/\u0130stanbul<\/a><\/p><p>Depo<a href=\"https:\/\/maps.app.goo.gl\/AC1HurYZtfni5YN79\" target=\"blank\" rel=\"noopener\"><br \/>Mithatpa\u015fa Mh. G\u00f6k\u015fin sk. No:35\/1-3 Kemerburgaz Ey\u00fcp\/\u0130stanbul<\/a><\/p>\t\t\t\t\t\t\t\t<\/div>\n\t\t\t\t<\/div>\n\t\t\t\t\t<\/div>\n\t\t\t\t<\/div>\n\t\t\t\t<\/div>\n\t\t","protected":false},"excerpt":{"rendered":"<p>\u00c7\u00d6Z\u00dcMLER\u0130M\u0130Z \u0130\u00c7\u0130N B\u0130Z\u0130MLE \u0130LET\u0130\u015e\u0130ME GE\u00c7\u0130N! NASIL YARDIMCI OLAB\u0130L\u0130R\u0130Z? \u0130leti\u015fim Formu Hizmet \u00d6zel Stand Tasar\u0131m\u0131 Paket Stand\u0131 Tasar\u0131m\u0131 Di\u011ferB\u00fct\u00e7eniz (\u20ba) 2Bin &#8211; 10Bin 10Bin &#8211; 50Bin 50 binden fazlaAd\u0131n\u0131zE-Posta AdresiTelefonFirma Ad\u0131Proje Detaylar\u0131 (opsiyonel)G\u00f6nder Bizimle ileti\u015fime ge\u00e7ti\u011finiz i\u00e7in te\u015fekk\u00fcr ederiz! Sorular\u0131n\u0131z\u0131 sormak, geri bildirimde bulunmak veya i\u015fbirli\u011fi f\u0131rsatlar\u0131 hakk\u0131nda konu\u015fmak i\u00e7in biz buraday\u0131z. De\u011ferli ziyaret\u00e7ilerimizin ihtiya\u00e7lar\u0131na h\u0131zl\u0131 [&hellip;]<\/p>\n","protected":false},"author":2,"featured_media":0,"parent":0,"menu_order":0,"comment_status":"closed","ping_status":"closed","template":"","meta":{"_acf_changed":false,"footnotes":""},"class_list":["post-3453","page","type-page","status-publish","hentry"],"blocksy_meta":{"has_hero_section":"disabled","vertical_spacing_source":"custom","content_area_spacing":"none","styles_descriptor":{"styles":{"desktop":"","tablet":"","mobile":""},"google_fonts":[],"version":6}},"acf":[],"_hostinger_reach_plugin_has_subscription_block":false,"_hostinger_reach_plugin_is_elementor":false,"_links":{"self":[{"href":"https:\/\/exhist.com\/tr\/wp-json\/wp\/v2\/pages\/3453","targetHints":{"allow":["GET"]}}],"collection":[{"href":"https:\/\/exhist.com\/tr\/wp-json\/wp\/v2\/pages"}],"about":[{"href":"https:\/\/exhist.com\/tr\/wp-json\/wp\/v2\/types\/page"}],"author":[{"embeddable":true,"href":"https:\/\/exhist.com\/tr\/wp-json\/wp\/v2\/users\/2"}],"replies":[{"embeddable":true,"href":"https:\/\/exhist.com\/tr\/wp-json\/wp\/v2\/comments?post=3453"}],"version-history":[{"count":11,"href":"https:\/\/exhist.com\/tr\/wp-json\/wp\/v2\/pages\/3453\/revisions"}],"predecessor-version":[{"id":3745,"href":"https:\/\/exhist.com\/tr\/wp-json\/wp\/v2\/pages\/3453\/revisions\/3745"}],"wp:attachment":[{"href":"https:\/\/exhist.com\/tr\/wp-json\/wp\/v2\/media?parent=3453"}],"curies":[{"name":"wp","href":"https:\/\/api.w.org\/{rel}","templated":true}]}}