{"id":3512,"date":"2025-10-23T18:44:14","date_gmt":"2025-10-23T15:44:14","guid":{"rendered":"https:\/\/exhist.com\/hazir-fuar-standlari\/3x4-12m2-2-open-sided-fair-stand\/"},"modified":"2025-11-30T20:47:39","modified_gmt":"2025-11-30T17:47:39","slug":"3x4-12m2-2-cephesi-acik-stand","status":"publish","type":"page","link":"https:\/\/exhist.com\/tr\/3x4-12m2-2-cephesi-acik-stand\/","title":{"rendered":"3&#215;4 12m\u00b2 2 Cephesi A\u00e7\u0131k Stand"},"content":{"rendered":"\t\t<div data-elementor-type=\"wp-page\" data-elementor-id=\"3512\" class=\"elementor elementor-3512 elementor-2685\">\n\t\t\t\t<div class=\"elementor-element elementor-element-8abe04e e-flex e-con-boxed e-con e-parent\" data-id=\"8abe04e\" data-element_type=\"container\" data-settings=\"{&quot;background_background&quot;:&quot;classic&quot;}\">\n\t\t\t\t\t<div class=\"e-con-inner\">\n\t\t<div class=\"elementor-element elementor-element-067c4b4 e-con-full e-flex e-con e-child\" data-id=\"067c4b4\" data-element_type=\"container\">\n\t\t<div class=\"elementor-element elementor-element-f734568 e-con-full e-flex e-con e-child\" data-id=\"f734568\" data-element_type=\"container\">\n\t\t\t\t<div class=\"elementor-element elementor-element-368df6e elementor-widget elementor-widget-heading\" data-id=\"368df6e\" data-element_type=\"widget\" data-widget_type=\"heading.default\">\n\t\t\t\t\t<h2 class=\"elementor-heading-title elementor-size-default\">3x4 12m\u00b2 2 Cephesi A\u00e7\u0131k Stand<\/h2>\t\t\t\t<\/div>\n\t\t\t\t<\/div>\n\t\t\t\t<\/div>\n\t\t\t\t\t<\/div>\n\t\t\t\t<\/div>\n\t\t<div class=\"elementor-element elementor-element-93a94b9 e-grid e-con-full e-con e-parent\" data-id=\"93a94b9\" data-element_type=\"container\">\n\t\t\t\t<div class=\"elementor-element elementor-element-01890b3 elementor-widget elementor-widget-image\" data-id=\"01890b3\" data-element_type=\"widget\" data-widget_type=\"image.default\">\n\t\t\t\t\t\t\t\t\t\t\t\t\t\t\t\t<a href=\"https:\/\/exhist.com\/wp-content\/uploads\/2025\/10\/3x4-12m2-2-open-sided-fair-stand-3.webp\" data-elementor-open-lightbox=\"yes\" data-elementor-lightbox-title=\"3x4-12m2-2-open-sided-fair-stand-3\" data-e-action-hash=\"#elementor-action%3Aaction%3Dlightbox%26settings%3DeyJpZCI6MzQ5MywidXJsIjoiaHR0cHM6XC9cL2V4aGlzdC5jb21cL3dwLWNvbnRlbnRcL3VwbG9hZHNcLzIwMjVcLzEwXC8zeDQtMTJtMi0yLW9wZW4tc2lkZWQtZmFpci1zdGFuZC0zLndlYnAifQ%3D%3D\">\n\t\t\t\t\t\t\t<img fetchpriority=\"high\" decoding=\"async\" width=\"1024\" height=\"640\" src=\"https:\/\/exhist.com\/wp-content\/uploads\/2025\/10\/3x4-12m2-2-open-sided-fair-stand-3-1024x640.webp\" class=\"attachment-large size-large wp-image-3493\" alt=\"3x4 12m2 2 open-sided fair stand\" srcset=\"https:\/\/exhist.com\/wp-content\/uploads\/2025\/10\/3x4-12m2-2-open-sided-fair-stand-3-1024x640.webp 1024w, https:\/\/exhist.com\/wp-content\/uploads\/2025\/10\/3x4-12m2-2-open-sided-fair-stand-3-300x188.webp 300w, https:\/\/exhist.com\/wp-content\/uploads\/2025\/10\/3x4-12m2-2-open-sided-fair-stand-3-768x480.webp 768w, https:\/\/exhist.com\/wp-content\/uploads\/2025\/10\/3x4-12m2-2-open-sided-fair-stand-3-1536x960.webp 1536w, https:\/\/exhist.com\/wp-content\/uploads\/2025\/10\/3x4-12m2-2-open-sided-fair-stand-3.webp 1920w\" sizes=\"(max-width: 1024px) 100vw, 1024px\" title=\"\">\t\t\t\t\t\t\t\t<\/a>\n\t\t\t\t\t\t\t\t\t\t\t\t\t\t\t<\/div>\n\t\t\t\t<div class=\"elementor-element elementor-element-5f71066 elementor-widget elementor-widget-image\" data-id=\"5f71066\" data-element_type=\"widget\" data-widget_type=\"image.default\">\n\t\t\t\t\t\t\t\t\t\t\t\t\t\t\t\t<a href=\"https:\/\/exhist.com\/wp-content\/uploads\/2025\/10\/3x4-12m2-2-open-sided-fair-stand-2.webp\" data-elementor-open-lightbox=\"yes\" data-elementor-lightbox-title=\"3x4-12m2-2-open-sided-fair-stand-2\" data-e-action-hash=\"#elementor-action%3Aaction%3Dlightbox%26settings%3DeyJpZCI6MzQ5NCwidXJsIjoiaHR0cHM6XC9cL2V4aGlzdC5jb21cL3dwLWNvbnRlbnRcL3VwbG9hZHNcLzIwMjVcLzEwXC8zeDQtMTJtMi0yLW9wZW4tc2lkZWQtZmFpci1zdGFuZC0yLndlYnAifQ%3D%3D\">\n\t\t\t\t\t\t\t<img decoding=\"async\" width=\"1024\" height=\"640\" src=\"https:\/\/exhist.com\/wp-content\/uploads\/2025\/10\/3x4-12m2-2-open-sided-fair-stand-2-1024x640.webp\" class=\"attachment-large size-large wp-image-3494\" alt=\"3x4 12m2 2 open-sided fair stand\" srcset=\"https:\/\/exhist.com\/wp-content\/uploads\/2025\/10\/3x4-12m2-2-open-sided-fair-stand-2-1024x640.webp 1024w, https:\/\/exhist.com\/wp-content\/uploads\/2025\/10\/3x4-12m2-2-open-sided-fair-stand-2-300x188.webp 300w, https:\/\/exhist.com\/wp-content\/uploads\/2025\/10\/3x4-12m2-2-open-sided-fair-stand-2-768x480.webp 768w, https:\/\/exhist.com\/wp-content\/uploads\/2025\/10\/3x4-12m2-2-open-sided-fair-stand-2-1536x960.webp 1536w, https:\/\/exhist.com\/wp-content\/uploads\/2025\/10\/3x4-12m2-2-open-sided-fair-stand-2.webp 1920w\" sizes=\"(max-width: 1024px) 100vw, 1024px\" title=\"\">\t\t\t\t\t\t\t\t<\/a>\n\t\t\t\t\t\t\t\t\t\t\t\t\t\t\t<\/div>\n\t\t\t\t<div class=\"elementor-element elementor-element-053b138 elementor-widget elementor-widget-image\" data-id=\"053b138\" data-element_type=\"widget\" data-widget_type=\"image.default\">\n\t\t\t\t\t\t\t\t\t\t\t\t\t\t\t\t<a href=\"https:\/\/exhist.com\/wp-content\/uploads\/2025\/10\/3x4-12m2-2-open-sided-fair-stand-1.webp\" data-elementor-open-lightbox=\"yes\" data-elementor-lightbox-title=\"3x4-12m2-2-open-sided-fair-stand-1\" data-e-action-hash=\"#elementor-action%3Aaction%3Dlightbox%26settings%3DeyJpZCI6MzQ5NSwidXJsIjoiaHR0cHM6XC9cL2V4aGlzdC5jb21cL3dwLWNvbnRlbnRcL3VwbG9hZHNcLzIwMjVcLzEwXC8zeDQtMTJtMi0yLW9wZW4tc2lkZWQtZmFpci1zdGFuZC0xLndlYnAifQ%3D%3D\">\n\t\t\t\t\t\t\t<img decoding=\"async\" width=\"1024\" height=\"640\" src=\"https:\/\/exhist.com\/wp-content\/uploads\/2025\/10\/3x4-12m2-2-open-sided-fair-stand-1-1024x640.webp\" class=\"attachment-large size-large wp-image-3495\" alt=\"3x4 12m2 2 open-sided fair stand\" srcset=\"https:\/\/exhist.com\/wp-content\/uploads\/2025\/10\/3x4-12m2-2-open-sided-fair-stand-1-1024x640.webp 1024w, https:\/\/exhist.com\/wp-content\/uploads\/2025\/10\/3x4-12m2-2-open-sided-fair-stand-1-300x188.webp 300w, https:\/\/exhist.com\/wp-content\/uploads\/2025\/10\/3x4-12m2-2-open-sided-fair-stand-1-768x480.webp 768w, https:\/\/exhist.com\/wp-content\/uploads\/2025\/10\/3x4-12m2-2-open-sided-fair-stand-1-1536x960.webp 1536w, https:\/\/exhist.com\/wp-content\/uploads\/2025\/10\/3x4-12m2-2-open-sided-fair-stand-1.webp 1920w\" sizes=\"(max-width: 1024px) 100vw, 1024px\" title=\"\">\t\t\t\t\t\t\t\t<\/a>\n\t\t\t\t\t\t\t\t\t\t\t\t\t\t\t<\/div>\n\t\t\t\t<\/div>\n\t\t<div class=\"elementor-element elementor-element-2df49e8 e-flex e-con-boxed e-con e-parent\" data-id=\"2df49e8\" data-element_type=\"container\" data-settings=\"{&quot;background_background&quot;:&quot;classic&quot;}\">\n\t\t\t\t\t<div class=\"e-con-inner\">\n\t\t<div class=\"elementor-element elementor-element-d9ded25 e-con-full e-flex e-con e-child\" data-id=\"d9ded25\" data-element_type=\"container\">\n\t\t<div class=\"elementor-element elementor-element-d1f714b e-con-full e-flex e-con e-child\" data-id=\"d1f714b\" data-element_type=\"container\">\n\t\t\t\t<div class=\"elementor-element elementor-element-f28efa5 elementor-widget elementor-widget-heading\" data-id=\"f28efa5\" data-element_type=\"widget\" data-widget_type=\"heading.default\">\n\t\t\t\t\t<h2 class=\"elementor-heading-title elementor-size-default\">3x4 12m\u00b2 2 Cephesi A\u00e7\u0131k Stand \u00d6zellikleri<\/h2>\t\t\t\t<\/div>\n\t\t\t\t<\/div>\n\t\t<div class=\"elementor-element elementor-element-dea12ab e-con-full e-flex e-con e-child\" data-id=\"dea12ab\" data-element_type=\"container\">\n\t\t\t\t<div class=\"elementor-element elementor-element-a8a1833 elementor-widget elementor-widget-text-editor\" data-id=\"a8a1833\" data-element_type=\"widget\" data-widget_type=\"text-editor.default\">\n\t\t\t\t\t\t\t\t\t<p><a href=\"\/tr\/\">Fuar takvimi<\/a> \u00e7\u00f6z\u00fcmlerimiz i\u00e7in bizimle ileti\u015fime ge\u00e7in.<\/p>\t\t\t\t\t\t\t\t<\/div>\n\t\t\t\t<div class=\"elementor-element elementor-element-62a8778 ct-button-icon-md elementor-widget elementor-widget-button\" data-id=\"62a8778\" data-element_type=\"widget\" data-widget_type=\"button.default\">\n\t\t\t\t\t\t\t\t\t\t<a class=\"elementor-button elementor-button-link elementor-size-sm\" href=\"\/tr\/iletisim\/\">\n\t\t\t\t\t\t<span class=\"elementor-button-content-wrapper\">\n\t\t\t\t\t\t<span class=\"elementor-button-icon\">\n\t\t\t\t<svg xmlns=\"http:\/\/www.w3.org\/2000\/svg\" viewBox=\"0 0 40 40\"><path d=\"M20 0C8.954 0 0 8.954 0 20s8.954 20 20 20 20-8.954 20-20S31.046 0 20 0Zm8.65 19.999V20.017a.65.65 0 0 1-.055.246c-.002.002-.001.002-.001.003h-.001v.002a.662.662 0 0 1-.128.187l-.002.001-6.857 7a.646.646 0 0 1-.919.008.65.65 0 0 1-.009-.92l5.775-5.894H12a.65.65 0 0 1 0-1.3h14.453l-5.775-5.895a.65.65 0 0 1 .928-.91l6.857 6.999.002.001c.055.056.097.12.128.187v.002l.002.002.007.016a.65.65 0 0 1 .047.231l.001.014v.002Z\"><\/path><\/svg>\t\t\t<\/span>\n\t\t\t\t\t\t\t\t\t<span class=\"elementor-button-text\">\u0130leti\u015fim<\/span>\n\t\t\t\t\t<\/span>\n\t\t\t\t\t<\/a>\n\t\t\t\t\t\t\t\t<\/div>\n\t\t\t\t<\/div>\n\t\t\t\t<\/div>\n\t\t<div class=\"elementor-element elementor-element-d15c098 e-grid e-con-full e-con e-child\" data-id=\"d15c098\" data-element_type=\"container\">\n\t\t<div class=\"elementor-element elementor-element-b6cf766 e-con-full e-flex e-con e-child\" data-id=\"b6cf766\" data-element_type=\"container\" data-settings=\"{&quot;background_background&quot;:&quot;classic&quot;}\">\n\t\t\t\t<div class=\"elementor-element elementor-element-f738353 elementor-widget elementor-widget-text-editor\" data-id=\"f738353\" data-element_type=\"widget\" data-widget_type=\"text-editor.default\">\n\t\t\t\t\t\t\t\t\t<ul><li>Stand\u0131n 2 cephesinde lightbox g\u00f6rsel uygulamas\u0131 yap\u0131lm\u0131\u015ft\u0131r.<\/li><li>1 Adet masa 4 adet kuma\u015f sandalye\u00a0<\/li><li>1 adet Banko ve \u00f6n\u00fcnde lightbox firma logosu<\/li><li>Stand\u0131n 1 a\u00e7\u0131k cephesi 1 er mt \u015feffaf lamine cam ile kapat\u0131lm\u0131\u015ft\u0131r.<\/li><li>Zemin 7cm y\u00fcksekli\u011finde platform \u00fcst\u00fc antrasit suntalama kaplama<\/li><\/ul>\t\t\t\t\t\t\t\t<\/div>\n\t\t\t\t<\/div>\n\t\t<div class=\"elementor-element elementor-element-42ae2c8 e-con-full e-flex e-con e-child\" data-id=\"42ae2c8\" data-element_type=\"container\" data-settings=\"{&quot;background_background&quot;:&quot;classic&quot;}\">\n\t\t\t\t<div class=\"elementor-element elementor-element-608886c elementor-widget elementor-widget-text-editor\" data-id=\"608886c\" data-element_type=\"widget\" data-widget_type=\"text-editor.default\">\n\t\t\t\t\t\t\t\t\t<ul><li>Stand \u00e7at\u0131s\u0131 t\u00fcl kuma\u015f ile kapl\u0131 olup ayd\u0131nlatma \u00e7at\u0131dan sa\u011flanm\u0131\u015ft\u0131r.<\/li><li>Stand Y\u00fcksekli\u011fi 3 metredir.<\/li><li>T\u00fcm Elektrik i\u015fleri Exhist&#8217;e aittir.<\/li><li>Kurulum ve S\u00f6k\u00fcm Exhist&#8217;e aittir.<\/li><li>Anahtar teslim stand.<\/li><\/ul>\t\t\t\t\t\t\t\t<\/div>\n\t\t\t\t<\/div>\n\t\t\t\t<\/div>\n\t\t\t\t\t<\/div>\n\t\t\t\t<\/div>\n\t\t<div class=\"elementor-element elementor-element-3dc1229 e-flex e-con-boxed e-con e-parent\" data-id=\"3dc1229\" data-element_type=\"container\">\n\t\t\t\t\t<div class=\"e-con-inner\">\n\t\t<div class=\"elementor-element elementor-element-6b0e378 e-con-full e-flex e-con e-child\" data-id=\"6b0e378\" data-element_type=\"container\" data-settings=\"{&quot;background_background&quot;:&quot;classic&quot;}\">\n\t\t<div class=\"elementor-element elementor-element-d00af5b e-con-full e-flex e-con e-child\" data-id=\"d00af5b\" data-element_type=\"container\">\n\t\t\t\t<div class=\"elementor-element elementor-element-731f1e0 elementor-widget elementor-widget-heading\" data-id=\"731f1e0\" data-element_type=\"widget\" data-widget_type=\"heading.default\">\n\t\t\t\t\t<h3 class=\"elementor-heading-title elementor-size-default\">\u00c7\u00f6z\u00fcmlerimiz i\u00e7in bizimle ileti\u015fime ge\u00e7in.<\/h3>\t\t\t\t<\/div>\n\t\t\t\t<div class=\"elementor-element elementor-element-de596cc ct-button-icon elementor-widget elementor-widget-button\" data-id=\"de596cc\" data-element_type=\"widget\" data-widget_type=\"button.default\">\n\t\t\t\t\t\t\t\t\t\t<a class=\"elementor-button elementor-button-link elementor-size-sm\" href=\"\/tr\/iletisim\/\">\n\t\t\t\t\t\t<span class=\"elementor-button-content-wrapper\">\n\t\t\t\t\t\t<span class=\"elementor-button-icon\">\n\t\t\t\t<svg xmlns=\"http:\/\/www.w3.org\/2000\/svg\" viewBox=\"0 0 40 40\"><path d=\"M20 0C8.954 0 0 8.954 0 20s8.954 20 20 20 20-8.954 20-20S31.046 0 20 0Zm8.65 19.999V20.017a.65.65 0 0 1-.055.246c-.002.002-.001.002-.001.003h-.001v.002a.662.662 0 0 1-.128.187l-.002.001-6.857 7a.646.646 0 0 1-.919.008.65.65 0 0 1-.009-.92l5.775-5.894H12a.65.65 0 0 1 0-1.3h14.453l-5.775-5.895a.65.65 0 0 1 .928-.91l6.857 6.999.002.001c.055.056.097.12.128.187v.002l.002.002.007.016a.65.65 0 0 1 .047.231l.001.014v.002Z\"><\/path><\/svg>\t\t\t<\/span>\n\t\t\t\t\t\t\t\t\t<span class=\"elementor-button-text\">\u0130leti\u015fim<\/span>\n\t\t\t\t\t<\/span>\n\t\t\t\t\t<\/a>\n\t\t\t\t\t\t\t\t<\/div>\n\t\t\t\t<\/div>\n\t\t\t\t<\/div>\n\t\t\t\t\t<\/div>\n\t\t\t\t<\/div>\n\t\t\t\t<\/div>\n\t\t","protected":false},"excerpt":{"rendered":"<p>3&#215;4 12m\u00b2 2 Cephesi A\u00e7\u0131k Stand 3&#215;4 12m\u00b2 2 Cephesi A\u00e7\u0131k Stand \u00d6zellikleri Fuar takvimi \u00e7\u00f6z\u00fcmlerimiz i\u00e7in bizimle ileti\u015fime ge\u00e7in. \u0130leti\u015fim Stand\u0131n 2 cephesinde lightbox g\u00f6rsel uygulamas\u0131 yap\u0131lm\u0131\u015ft\u0131r. 1 Adet masa 4 adet kuma\u015f sandalye\u00a0 1 adet Banko ve \u00f6n\u00fcnde lightbox firma logosu Stand\u0131n 1 a\u00e7\u0131k cephesi 1 er mt \u015feffaf lamine cam ile kapat\u0131lm\u0131\u015ft\u0131r. [&hellip;]<\/p>\n","protected":false},"author":2,"featured_media":0,"parent":0,"menu_order":0,"comment_status":"closed","ping_status":"closed","template":"","meta":{"_acf_changed":false,"footnotes":""},"class_list":["post-3512","page","type-page","status-publish","hentry"],"blocksy_meta":{"has_hero_section":"disabled","vertical_spacing_source":"custom","content_area_spacing":"none","styles_descriptor":{"styles":{"desktop":"","tablet":"","mobile":""},"google_fonts":[],"version":6}},"acf":[],"_links":{"self":[{"href":"https:\/\/exhist.com\/tr\/wp-json\/wp\/v2\/pages\/3512","targetHints":{"allow":["GET"]}}],"collection":[{"href":"https:\/\/exhist.com\/tr\/wp-json\/wp\/v2\/pages"}],"about":[{"href":"https:\/\/exhist.com\/tr\/wp-json\/wp\/v2\/types\/page"}],"author":[{"embeddable":true,"href":"https:\/\/exhist.com\/tr\/wp-json\/wp\/v2\/users\/2"}],"replies":[{"embeddable":true,"href":"https:\/\/exhist.com\/tr\/wp-json\/wp\/v2\/comments?post=3512"}],"version-history":[{"count":12,"href":"https:\/\/exhist.com\/tr\/wp-json\/wp\/v2\/pages\/3512\/revisions"}],"predecessor-version":[{"id":4150,"href":"https:\/\/exhist.com\/tr\/wp-json\/wp\/v2\/pages\/3512\/revisions\/4150"}],"wp:attachment":[{"href":"https:\/\/exhist.com\/tr\/wp-json\/wp\/v2\/media?parent=3512"}],"curies":[{"name":"wp","href":"https:\/\/api.w.org\/{rel}","templated":true}]}}