{"id":3799,"date":"2025-11-29T20:26:36","date_gmt":"2025-11-29T17:26:36","guid":{"rendered":"https:\/\/exhist.com\/?page_id=3799"},"modified":"2025-11-29T20:28:19","modified_gmt":"2025-11-29T17:28:19","slug":"3x3-9m%c2%b2-stand-1-cephesi-acik-stand","status":"publish","type":"page","link":"https:\/\/exhist.com\/tr\/3x3-9m%c2%b2-stand-1-cephesi-acik-stand\/","title":{"rendered":"3&#215;3 9m\u00b2 Stand 1 Cephesi A\u00e7\u0131k Stand"},"content":{"rendered":"\t\t<div data-elementor-type=\"wp-page\" data-elementor-id=\"3799\" class=\"elementor elementor-3799\">\n\t\t\t\t<div class=\"elementor-element elementor-element-8abe04e e-flex e-con-boxed e-con e-parent\" data-id=\"8abe04e\" data-element_type=\"container\" data-settings=\"{&quot;background_background&quot;:&quot;classic&quot;}\">\n\t\t\t\t\t<div class=\"e-con-inner\">\n\t\t<div class=\"elementor-element elementor-element-067c4b4 e-con-full e-flex e-con e-child\" data-id=\"067c4b4\" data-element_type=\"container\">\n\t\t<div class=\"elementor-element elementor-element-f734568 e-con-full e-flex e-con e-child\" data-id=\"f734568\" data-element_type=\"container\">\n\t\t\t\t<div class=\"elementor-element elementor-element-368df6e elementor-widget elementor-widget-heading\" data-id=\"368df6e\" data-element_type=\"widget\" data-widget_type=\"heading.default\">\n\t\t\t\t\t<h2 class=\"elementor-heading-title elementor-size-default\">3x3 9m\u00b2 Stand 1 Cephesi A\u00e7\u0131k Stand<\/h2>\t\t\t\t<\/div>\n\t\t\t\t<\/div>\n\t\t\t\t<\/div>\n\t\t\t\t\t<\/div>\n\t\t\t\t<\/div>\n\t\t<div class=\"elementor-element elementor-element-93a94b9 e-grid e-con-full e-con e-parent\" data-id=\"93a94b9\" data-element_type=\"container\">\n\t\t\t\t<div class=\"elementor-element elementor-element-01890b3 elementor-widget elementor-widget-image\" data-id=\"01890b3\" data-element_type=\"widget\" data-widget_type=\"image.default\">\n\t\t\t\t\t\t\t\t\t\t\t\t\t\t\t\t<a href=\"https:\/\/exhist.com\/wp-content\/uploads\/2025\/11\/3x3-9-stand-1.webp\" data-elementor-open-lightbox=\"yes\" data-elementor-lightbox-title=\"3x3-9-stand-1\" data-e-action-hash=\"#elementor-action%3Aaction%3Dlightbox%26settings%3DeyJpZCI6MzgwMywidXJsIjoiaHR0cHM6XC9cL2V4aGlzdC5jb21cL3dwLWNvbnRlbnRcL3VwbG9hZHNcLzIwMjVcLzExXC8zeDMtOS1zdGFuZC0xLndlYnAifQ%3D%3D\">\n\t\t\t\t\t\t\t<img fetchpriority=\"high\" decoding=\"async\" width=\"1024\" height=\"576\" src=\"https:\/\/exhist.com\/wp-content\/uploads\/2025\/11\/3x3-9-stand-1-1024x576.webp\" class=\"attachment-large size-large wp-image-3803\" alt=\"\" srcset=\"https:\/\/exhist.com\/wp-content\/uploads\/2025\/11\/3x3-9-stand-1-1024x576.webp 1024w, https:\/\/exhist.com\/wp-content\/uploads\/2025\/11\/3x3-9-stand-1-300x169.webp 300w, https:\/\/exhist.com\/wp-content\/uploads\/2025\/11\/3x3-9-stand-1-768x432.webp 768w, https:\/\/exhist.com\/wp-content\/uploads\/2025\/11\/3x3-9-stand-1-1536x864.webp 1536w, https:\/\/exhist.com\/wp-content\/uploads\/2025\/11\/3x3-9-stand-1.webp 1920w\" sizes=\"(max-width: 1024px) 100vw, 1024px\" title=\"\">\t\t\t\t\t\t\t\t<\/a>\n\t\t\t\t\t\t\t\t\t\t\t\t\t\t\t<\/div>\n\t\t\t\t<div class=\"elementor-element elementor-element-5f71066 elementor-widget elementor-widget-image\" data-id=\"5f71066\" data-element_type=\"widget\" data-widget_type=\"image.default\">\n\t\t\t\t\t\t\t\t\t\t\t\t\t\t\t\t<a href=\"https:\/\/exhist.com\/wp-content\/uploads\/2025\/11\/3x3-9-stand-2.webp\" data-elementor-open-lightbox=\"yes\" data-elementor-lightbox-title=\"3x3-9-stand-2\" data-e-action-hash=\"#elementor-action%3Aaction%3Dlightbox%26settings%3DeyJpZCI6MzgwNCwidXJsIjoiaHR0cHM6XC9cL2V4aGlzdC5jb21cL3dwLWNvbnRlbnRcL3VwbG9hZHNcLzIwMjVcLzExXC8zeDMtOS1zdGFuZC0yLndlYnAifQ%3D%3D\">\n\t\t\t\t\t\t\t<img decoding=\"async\" width=\"1024\" height=\"576\" src=\"https:\/\/exhist.com\/wp-content\/uploads\/2025\/11\/3x3-9-stand-2-1024x576.webp\" class=\"attachment-large size-large wp-image-3804\" alt=\"\" srcset=\"https:\/\/exhist.com\/wp-content\/uploads\/2025\/11\/3x3-9-stand-2-1024x576.webp 1024w, https:\/\/exhist.com\/wp-content\/uploads\/2025\/11\/3x3-9-stand-2-300x169.webp 300w, https:\/\/exhist.com\/wp-content\/uploads\/2025\/11\/3x3-9-stand-2-768x432.webp 768w, https:\/\/exhist.com\/wp-content\/uploads\/2025\/11\/3x3-9-stand-2-1536x864.webp 1536w, https:\/\/exhist.com\/wp-content\/uploads\/2025\/11\/3x3-9-stand-2.webp 1920w\" sizes=\"(max-width: 1024px) 100vw, 1024px\" title=\"\">\t\t\t\t\t\t\t\t<\/a>\n\t\t\t\t\t\t\t\t\t\t\t\t\t\t\t<\/div>\n\t\t\t\t<\/div>\n\t\t<div class=\"elementor-element elementor-element-2df49e8 e-flex e-con-boxed e-con e-parent\" data-id=\"2df49e8\" data-element_type=\"container\" data-settings=\"{&quot;background_background&quot;:&quot;classic&quot;}\">\n\t\t\t\t\t<div class=\"e-con-inner\">\n\t\t<div class=\"elementor-element elementor-element-d9ded25 e-con-full e-flex e-con e-child\" data-id=\"d9ded25\" data-element_type=\"container\">\n\t\t<div class=\"elementor-element elementor-element-d1f714b e-con-full e-flex e-con e-child\" data-id=\"d1f714b\" data-element_type=\"container\">\n\t\t\t\t<div class=\"elementor-element elementor-element-f28efa5 elementor-widget elementor-widget-heading\" data-id=\"f28efa5\" data-element_type=\"widget\" data-widget_type=\"heading.default\">\n\t\t\t\t\t<h2 class=\"elementor-heading-title elementor-size-default\">\u00d6zellikler<\/h2>\t\t\t\t<\/div>\n\t\t\t\t<\/div>\n\t\t<div class=\"elementor-element elementor-element-dea12ab e-con-full e-flex e-con e-child\" data-id=\"dea12ab\" data-element_type=\"container\">\n\t\t\t\t<div class=\"elementor-element elementor-element-a8a1833 elementor-widget elementor-widget-text-editor\" data-id=\"a8a1833\" data-element_type=\"widget\" data-widget_type=\"text-editor.default\">\n\t\t\t\t\t\t\t\t\t<p>\u00c7\u00f6z\u00fcmlerimiz i\u00e7in bizimle ileti\u015fime ge\u00e7in.<\/p>\t\t\t\t\t\t\t\t<\/div>\n\t\t\t\t<div class=\"elementor-element elementor-element-62a8778 ct-button-icon-md elementor-widget elementor-widget-button\" data-id=\"62a8778\" data-element_type=\"widget\" data-widget_type=\"button.default\">\n\t\t\t\t\t\t\t\t\t\t<a class=\"elementor-button elementor-button-link elementor-size-sm\" href=\"\/tr\/iletisim\">\n\t\t\t\t\t\t<span class=\"elementor-button-content-wrapper\">\n\t\t\t\t\t\t<span class=\"elementor-button-icon\">\n\t\t\t\t<svg xmlns=\"http:\/\/www.w3.org\/2000\/svg\" viewBox=\"0 0 40 40\"><path d=\"M20 0C8.954 0 0 8.954 0 20s8.954 20 20 20 20-8.954 20-20S31.046 0 20 0Zm8.65 19.999V20.017a.65.65 0 0 1-.055.246c-.002.002-.001.002-.001.003h-.001v.002a.662.662 0 0 1-.128.187l-.002.001-6.857 7a.646.646 0 0 1-.919.008.65.65 0 0 1-.009-.92l5.775-5.894H12a.65.65 0 0 1 0-1.3h14.453l-5.775-5.895a.65.65 0 0 1 .928-.91l6.857 6.999.002.001c.055.056.097.12.128.187v.002l.002.002.007.016a.65.65 0 0 1 .047.231l.001.014v.002Z\"><\/path><\/svg>\t\t\t<\/span>\n\t\t\t\t\t\t\t\t\t<span class=\"elementor-button-text\">\u0130leti\u015fim<\/span>\n\t\t\t\t\t<\/span>\n\t\t\t\t\t<\/a>\n\t\t\t\t\t\t\t\t<\/div>\n\t\t\t\t<\/div>\n\t\t\t\t<\/div>\n\t\t<div class=\"elementor-element elementor-element-d15c098 e-grid e-con-full e-con e-child\" data-id=\"d15c098\" data-element_type=\"container\">\n\t\t<div class=\"elementor-element elementor-element-b6cf766 e-con-full e-flex e-con e-child\" data-id=\"b6cf766\" data-element_type=\"container\" data-settings=\"{&quot;background_background&quot;:&quot;classic&quot;}\">\n\t\t\t\t<div class=\"elementor-element elementor-element-f738353 elementor-widget elementor-widget-text-editor\" data-id=\"f738353\" data-element_type=\"widget\" data-widget_type=\"text-editor.default\">\n\t\t\t\t\t\t\t\t\t<p>Stand\u0131n 3 cephesinde lightbox g\u00f6rsel uygulamas\u0131 yap\u0131lm\u0131\u015ft\u0131r.<\/p><p>1 Adet masa 4 adet kuma\u015f sandalye\u00a0<\/p><p>1 adet Banko ve \u00f6n\u00fcnde lightbox firma logosu<\/p><p>Zemin 7cm y\u00fcksekli\u011finde platform \u00fcst\u00fc antrasit suntalama kaplama<\/p>\t\t\t\t\t\t\t\t<\/div>\n\t\t\t\t<\/div>\n\t\t<div class=\"elementor-element elementor-element-42ae2c8 e-con-full e-flex e-con e-child\" data-id=\"42ae2c8\" data-element_type=\"container\" data-settings=\"{&quot;background_background&quot;:&quot;classic&quot;}\">\n\t\t\t\t<div class=\"elementor-element elementor-element-608886c elementor-widget elementor-widget-text-editor\" data-id=\"608886c\" data-element_type=\"widget\" data-widget_type=\"text-editor.default\">\n\t\t\t\t\t\t\t\t\t<p>Stand \u00e7at\u0131s\u0131 t\u00fcl kuma\u015f ile kapl\u0131 olup ayd\u0131nlatma \u00e7at\u0131dan sa\u011flanm\u0131\u015ft\u0131r.<\/p><p>Stand Y\u00fcksekli\u011fi 3 metredir.<\/p><p>T\u00fcm Elektrik i\u015fleri Exhist&#8217;e aittir.<\/p><p>Kurulum ve S\u00f6k\u00fcm Exhist&#8217;e aittir.<\/p><p>Anahtar teslim stand<\/p>\t\t\t\t\t\t\t\t<\/div>\n\t\t\t\t<\/div>\n\t\t\t\t<\/div>\n\t\t\t\t\t<\/div>\n\t\t\t\t<\/div>\n\t\t<div class=\"elementor-element elementor-element-3dc1229 e-flex e-con-boxed e-con e-parent\" data-id=\"3dc1229\" data-element_type=\"container\">\n\t\t\t\t\t<div class=\"e-con-inner\">\n\t\t<div class=\"elementor-element elementor-element-6b0e378 e-con-full e-flex e-con e-child\" data-id=\"6b0e378\" data-element_type=\"container\" data-settings=\"{&quot;background_background&quot;:&quot;classic&quot;}\">\n\t\t<div class=\"elementor-element elementor-element-d00af5b e-con-full e-flex e-con e-child\" data-id=\"d00af5b\" data-element_type=\"container\">\n\t\t\t\t<div class=\"elementor-element elementor-element-731f1e0 elementor-widget elementor-widget-heading\" data-id=\"731f1e0\" data-element_type=\"widget\" data-widget_type=\"heading.default\">\n\t\t\t\t\t<h3 class=\"elementor-heading-title elementor-size-default\">\u00c7\u00f6z\u00fcmlerimiz i\u00e7in bizimle ileti\u015fime ge\u00e7in.<\/h3>\t\t\t\t<\/div>\n\t\t\t\t<div class=\"elementor-element elementor-element-de596cc ct-button-icon elementor-widget elementor-widget-button\" data-id=\"de596cc\" data-element_type=\"widget\" data-widget_type=\"button.default\">\n\t\t\t\t\t\t\t\t\t\t<a class=\"elementor-button elementor-button-link elementor-size-sm\" href=\"\/tr\/iletisim\">\n\t\t\t\t\t\t<span class=\"elementor-button-content-wrapper\">\n\t\t\t\t\t\t<span class=\"elementor-button-icon\">\n\t\t\t\t<svg xmlns=\"http:\/\/www.w3.org\/2000\/svg\" viewBox=\"0 0 40 40\"><path d=\"M20 0C8.954 0 0 8.954 0 20s8.954 20 20 20 20-8.954 20-20S31.046 0 20 0Zm8.65 19.999V20.017a.65.65 0 0 1-.055.246c-.002.002-.001.002-.001.003h-.001v.002a.662.662 0 0 1-.128.187l-.002.001-6.857 7a.646.646 0 0 1-.919.008.65.65 0 0 1-.009-.92l5.775-5.894H12a.65.65 0 0 1 0-1.3h14.453l-5.775-5.895a.65.65 0 0 1 .928-.91l6.857 6.999.002.001c.055.056.097.12.128.187v.002l.002.002.007.016a.65.65 0 0 1 .047.231l.001.014v.002Z\"><\/path><\/svg>\t\t\t<\/span>\n\t\t\t\t\t\t\t\t\t<span class=\"elementor-button-text\">\u0130leti\u015fim<\/span>\n\t\t\t\t\t<\/span>\n\t\t\t\t\t<\/a>\n\t\t\t\t\t\t\t\t<\/div>\n\t\t\t\t<\/div>\n\t\t\t\t<\/div>\n\t\t\t\t\t<\/div>\n\t\t\t\t<\/div>\n\t\t\t\t<\/div>\n\t\t","protected":false},"excerpt":{"rendered":"<p>3&#215;3 9m\u00b2 Stand 1 Cephesi A\u00e7\u0131k Stand \u00d6zellikler \u00c7\u00f6z\u00fcmlerimiz i\u00e7in bizimle ileti\u015fime ge\u00e7in. \u0130leti\u015fim Stand\u0131n 3 cephesinde lightbox g\u00f6rsel uygulamas\u0131 yap\u0131lm\u0131\u015ft\u0131r. 1 Adet masa 4 adet kuma\u015f sandalye\u00a0 1 adet Banko ve \u00f6n\u00fcnde lightbox firma logosu Zemin 7cm y\u00fcksekli\u011finde platform \u00fcst\u00fc antrasit suntalama kaplama Stand \u00e7at\u0131s\u0131 t\u00fcl kuma\u015f ile kapl\u0131 olup ayd\u0131nlatma \u00e7at\u0131dan sa\u011flanm\u0131\u015ft\u0131r. Stand [&hellip;]<\/p>\n","protected":false},"author":1,"featured_media":0,"parent":0,"menu_order":0,"comment_status":"closed","ping_status":"closed","template":"","meta":{"_acf_changed":false,"footnotes":""},"class_list":["post-3799","page","type-page","status-publish","hentry"],"blocksy_meta":{"has_hero_section":"disabled","vertical_spacing_source":"custom","content_area_spacing":"none","styles_descriptor":{"styles":{"desktop":"","tablet":"","mobile":""},"google_fonts":[],"version":6}},"acf":[],"_links":{"self":[{"href":"https:\/\/exhist.com\/tr\/wp-json\/wp\/v2\/pages\/3799","targetHints":{"allow":["GET"]}}],"collection":[{"href":"https:\/\/exhist.com\/tr\/wp-json\/wp\/v2\/pages"}],"about":[{"href":"https:\/\/exhist.com\/tr\/wp-json\/wp\/v2\/types\/page"}],"author":[{"embeddable":true,"href":"https:\/\/exhist.com\/tr\/wp-json\/wp\/v2\/users\/1"}],"replies":[{"embeddable":true,"href":"https:\/\/exhist.com\/tr\/wp-json\/wp\/v2\/comments?post=3799"}],"version-history":[{"count":4,"href":"https:\/\/exhist.com\/tr\/wp-json\/wp\/v2\/pages\/3799\/revisions"}],"predecessor-version":[{"id":3807,"href":"https:\/\/exhist.com\/tr\/wp-json\/wp\/v2\/pages\/3799\/revisions\/3807"}],"wp:attachment":[{"href":"https:\/\/exhist.com\/tr\/wp-json\/wp\/v2\/media?parent=3799"}],"curies":[{"name":"wp","href":"https:\/\/api.w.org\/{rel}","templated":true}]}}